{"id":1705,"date":"2025-10-24T10:21:32","date_gmt":"2025-10-24T13:21:32","guid":{"rendered":"https:\/\/garantia.projetostennant.com.br\/?page_id=1705"},"modified":"2025-10-24T15:55:36","modified_gmt":"2025-10-24T18:55:36","slug":"cronograma-portal-de-garantias","status":"publish","type":"page","link":"https:\/\/garantia.projetostennant.com.br\/?page_id=1705","title":{"rendered":"CRONOGRAMA &#8211; PORTAL DE GARANTIAS"},"content":{"rendered":"\t\t<div data-elementor-type=\"wp-page\" data-elementor-id=\"1705\" class=\"elementor elementor-1705\" data-elementor-post-type=\"page\">\n\t\t\t\t<div class=\"elementor-element elementor-element-658a52c e-flex e-con-boxed e-con e-parent\" data-id=\"658a52c\" data-element_type=\"container\">\n\t\t\t\t\t<div class=\"e-con-inner\">\n\t\t\t\t<div class=\"elementor-element elementor-element-ea6a006 elementor-widget elementor-widget-html\" data-id=\"ea6a006\" data-element_type=\"widget\" data-widget_type=\"html.default\">\n\t\t\t\t<div class=\"elementor-widget-container\">\n\t\t\t\t\t<!doctype html>\r\n<html lang=\"pt-br\">\r\n<head>\r\n<meta charset=\"utf-8\" \/>\r\n<meta name=\"viewport\" content=\"width=device-width, initial-scale=1\" \/>\r\n<title>Portal de Garantias \u2014 Tennant BR<\/title>\r\n<link href=\"https:\/\/fonts.googleapis.com\/css2?family=Open+Sans:wght@300;400;600;700;800&display=swap\" rel=\"stylesheet\">\r\n<style>\r\n\/* ===== Tennant Brand ===== *\/\r\n:root{\r\n  --teal:#009AC7; --blue:#007B9F; --deep:#454F57;\r\n  --lime:#8DC63F; --orange:#F47B29;\r\n  --bg:#ffffff; --text:#333333; --muted:#8A8A8A; --line:#DDE4E8; --card:#ffffff; --chip:#F1F2F2;\r\n}\r\n.tenn-dark{ --bg:#0f1418; --text:#E8EDEF; --muted:#A3B2BB; --line:#22303a; --card:#121a20; --chip:#0e1d24; }\r\nhtml,body{margin:0;background:var(--bg);color:var(--text)}*{box-sizing:border-box}\r\n.tenn{font-family:\"Open Sans\",Arial,Helvetica,sans-serif}\r\n\r\n\/* Header *\/\r\n.nav{position:sticky;top:0;z-index:50;background:var(--card);border-bottom:1px solid var(--line)}\r\n.nav-in{max-width:1200px;margin:0 auto;padding:10px 16px;display:flex;gap:14px;align-items:center}\r\n.nav img{height:28px;object-fit:contain}\r\n.nav .spacer{margin-left:auto}\r\n.btn-toggle{border:2px solid var(--teal);color:var(--teal);background:#fff;border-radius:18px;font-weight:800;padding:8px 14px;cursor:pointer}\r\n.btn-toggle:hover{background:var(--teal);color:#fff}\r\n\r\n\/* Cards *\/\r\n.container{max-width:1200px;margin:0 auto;padding:18px}\r\n.card{background:var(--card);border:1px solid var(--line);border-radius:24px;padding:22px;box-shadow:0 8px 22px rgba(0,0,0,.05)}\r\n.h1{font-size:28px;color:var(--teal);font-weight:800;margin:0 0 8px}\r\n.h2{font-size:22px;color:var(--teal);font-weight:800;margin:0 0 10px}\r\n.h3{font-size:18px;color:var(--deep);font-weight:800;margin:4px 0 6px}\r\n.muted{color:var(--muted)}\r\n\r\n\/* Buttons *\/\r\n.btn{display:inline-flex;align-items:center;gap:8px;height:40px;padding:0 14px;border-radius:18px;border:2px solid;cursor:pointer;font-weight:800;background:#fff}\r\n.btn.primary{border-color:var(--orange);color:#333}.btn.primary:hover{background:var(--orange);color:#fff}\r\n.btn.secondary{border-color:var(--blue);color:var(--blue)}.btn.secondary:hover{background:var(--blue);color:#fff}\r\n.btn.ghost{border-color:var(--line);color:#333}.btn.ghost:hover{background:#f6f8f9}\r\n\r\n\/* Chips *\/\r\n.chip{display:inline-flex;align-items:center;gap:6px;padding:6px 12px;border-radius:18px;background:var(--chip);border:2px solid var(--line);font-weight:800;font-size:12px;color:var(--deep)}\r\n.chip.s1{border-color:#cfeaf4;color:var(--blue);background:#e8f7fb}\r\n.chip.s2{border-color:#cfe8cf;color:var(--lime);background:#f6fbef}\r\n.badge{display:inline-block;padding:4px 10px;border-radius:999px;font-size:12px;font-weight:800;color:#fff}\r\n.badge.live{background:var(--teal)}.badge.plan{background:#aab7bf;color:#1a1f23}.badge.tbd{background:#ffe1c2;color:#5b3a10}\r\n\r\n\/* Layout: timeline + calendar *\/\r\n.grid{display:grid;grid-template-columns:1.2fr .8fr;gap:18px}\r\n@media (max-width:980px){.grid{grid-template-columns:1fr}}\r\n.sticky{position:sticky;top:78px}\r\n\r\n\/* Timeline *\/\r\n.filters{display:flex;gap:8px;flex-wrap:wrap}\r\n.timeline{position:relative;padding-left:26px}\r\n.timeline::before{content:\"\";position:absolute;left:10px;top:0;bottom:0;width:2px;background:var(--line)}\r\n.item{position:relative;margin:0 0 12px;border:1px solid var(--line);border-radius:16px;background:linear-gradient(180deg,rgba(0,154,199,.04),transparent 70%)}\r\n.item::before{content:\"\";position:absolute;left:-18px;top:18px;width:12px;height:12px;border-radius:50%;background:var(--blue);box-shadow:0 0 0 3px #e8f7fb}\r\n.item.s2::before{background:var(--lime);box-shadow:0 0 0 3px #f6fbef}\r\n.head{display:flex;gap:10px;align-items:center;justify-content:space-between;padding:12px 14px 10px 14px}\r\n.meta{display:flex;gap:8px;flex-wrap:wrap;align-items:center}\r\n.body{border-top:1px dashed var(--line);padding:12px 14px;display:grid;gap:10px}\r\n.body .grid2{display:grid;grid-template-columns:1fr 1fr;gap:10px}\r\n.kv{background:#f2f8fb;border:1px solid #e3eef3;border-radius:12px;padding:10px;font-size:13px}\r\n.tenn-dark .kv{background:#0e1d24;border-color:#14252d}\r\n.obs{background:#fff;border:1px dashed var(--line);border-radius:12px;padding:10px;font-size:13px}\r\n.toggle{cursor:pointer}\r\n\r\n\/* Calendar *\/\r\n.cal-head{display:flex;align-items:center;gap:12px;justify-content:space-between;margin-bottom:8px}\r\n.cal-ctrl{display:flex;gap:8px}\r\n.grid7{display:grid;grid-template-columns:repeat(7,1fr);gap:6px}\r\n.wk{font-size:12px;color:var(--muted)}\r\n.cell{border:1px solid var(--line);border-radius:10px;min-height:34px;display:flex;align-items:center;justify-content:center;position:relative;font-size:12px}\r\n.dot{position:absolute;bottom:6px;width:6px;height:6px;border-radius:50%}\r\n.dot.s1{background:var(--blue)} .dot.s2{background:var(--lime)}\r\n.dot.end{border:2px solid var(--orange);background:transparent}\r\n.dot.run{background:#bde7c0}\r\n.launch{position:absolute;inset:2px;border:2px solid var(--orange);border-radius:10px;pointer-events:none}\r\n.launch::after{content:\"GO\";position:absolute;top:2px;right:4px;background:var(--orange);color:#fff;font-weight:800;font-size:10px;line-height:1;border-radius:999px;padding:2px 6px}\r\n.legend{display:flex;gap:12px;align-items:center;margin-top:8px;font-size:13px;color:var(--muted)}\r\n.legend .b{width:10px;height:10px;border-radius:50%}\r\n.b.s1{background:var(--blue)}.b.s2{background:var(--lime)}.b.end{border:2px solid var(--orange);background:transparent}\r\n\r\n\/* Table *\/\r\n.table-wrap .title{display:flex;align-items:center;gap:10px}\r\n.table{width:100%;border-collapse:separate;border-spacing:0;border:1px solid var(--line);border-radius:14px;overflow:hidden;font-size:14px}\r\n.table thead th{background:#f2f8fb;position:sticky;top:0;padding:10px 12px;border-bottom:1px solid var(--line);text-align:left;user-select:none;cursor:pointer;color:#333}\r\n.table thead th .ar{opacity:.6;margin-left:6px}\r\n.table thead th[data-asc=\"true\"] .ar::after{content:\"\u25b2\";}.table thead th[data-asc=\"false\"] .ar::after{content:\"\u25bc\";}\r\n.table tbody td{padding:10px 12px;border-bottom:1px solid var(--line)}\r\n.table tbody tr:nth-child(even){background:rgba(0,154,199,.03)}\r\n<\/style>\r\n<\/head>\r\n\r\n<body class=\"tenn\">\r\n  <!-- HEADER -->\r\n  <nav class=\"nav\">\r\n    <div class=\"nav-in\">\r\n      <img decoding=\"async\" src=\"TennantCompany-Logo-FullColor.png\" alt=\"Tennant Company\">\r\n      <div class=\"spacer\"><\/div>\r\n      <button class=\"btn-toggle\" onclick=\"document.body.classList.toggle('tenn-dark')\">Tema claro\/escuro<\/button>\r\n    <\/div>\r\n  <\/nav>\r\n\r\n  <main class=\"container\">\r\n    <!-- INTRO -->\r\n    <section class=\"card\" style=\"margin-top:18px\">\r\n      <div style=\"display:flex;align-items:center;gap:12px;flex-wrap:wrap;justify-content:space-between\">\r\n        <h1 class=\"h1\" style=\"margin:0\">Portal de Garantias \u2014 Concession\u00e1rios, Distribuidores e Revendas<\/h1>\r\n        <img decoding=\"async\" src=\"alta-tennant.png\" alt=\"Alfa by Tennant\" style=\"height:32px\">\r\n      <\/div>\r\n      <p class=\"muted\" style=\"margin:6px 0 14px\"><strong>Respons\u00e1veis:<\/strong> Bruno M. Nascimento e Gilvanito M. S. Junior Oliveira<\/p>\r\n      <div style=\"min-height:110px;border:2px dashed var(--line);border-radius:16px;display:flex;align-items:center;justify-content:center;text-align:center;color:var(--muted);font-weight:700;padding:16px\">\r\n        TEXTO DE INTRODU\u00c7\u00c3O DO PROJETO \u2014 escreva aqui o resumo executivo, objetivos e p\u00fablico-alvo.\r\n      <\/div>\r\n    <\/section>\r\n\r\n    <!-- TIMELINE + CALENDAR -->\r\n    <section class=\"grid\" style=\"margin-top:18px\">\r\n      <!-- Timeline -->\r\n      <section class=\"card\">\r\n        <div style=\"display:flex;align-items:center;justify-content:space-between;margin-bottom:8px\">\r\n          <h2 class=\"h2\" style=\"margin:0\">Etapas do Projeto<\/h2>\r\n          <div class=\"filters\">\r\n            <button class=\"btn ghost\" data-filter=\"all\">Todos<\/button>\r\n            <button class=\"btn secondary\" data-filter=\"SPRINT 1\">Sprint 1<\/button>\r\n            <button class=\"btn primary\" data-filter=\"SPRINT 2\">Sprint 2<\/button>\r\n            <button class=\"btn ghost\" id=\"expandAll\">Expandir tudo<\/button>\r\n            <button class=\"btn ghost\" id=\"collapseAll\">Recolher tudo<\/button>\r\n          <\/div>\r\n        <\/div>\r\n        <ol class=\"timeline\" id=\"timeline\"><\/ol>\r\n      <\/section>\r\n\r\n      <!-- Calendar -->\r\n      <aside class=\"card sticky\">\r\n        <div class=\"cal-head\">\r\n          <h2 class=\"h2\" style=\"margin:0\">Calend\u00e1rio do Cronograma<\/h2>\r\n          <div class=\"cal-ctrl\">\r\n            <button class=\"btn secondary\" id=\"calPrev\">\u25c0<\/button>\r\n            <div class=\"chip\" id=\"calLabel\">Out 2025<\/div>\r\n            <button class=\"btn secondary\" id=\"calNext\">\u25b6<\/button>\r\n          <\/div>\r\n        <\/div>\r\n        <div class=\"grid7 wk\"><span>D<\/span><span>S<\/span><span>T<\/span><span>Q<\/span><span>Q<\/span><span>S<\/span><span>S<\/span><\/div>\r\n        <div class=\"grid7\" id=\"calGrid\" style=\"margin-top:6px\"><\/div>\r\n        <div class=\"legend\">\r\n          <span><span class=\"b s1\"><\/span> Sprint 1 (in\u00edcio)<\/span>\r\n          <span><span class=\"b s2\"><\/span> Sprint 2 (in\u00edcio)<\/span>\r\n          <span><span class=\"b end\"><\/span> Conclus\u00e3o<\/span>\r\n          <span><span class=\"b\" style=\"background:#bde7c0\"><\/span> Per\u00edodo ativo<\/span>\r\n          <span><span class=\"b\" style=\"background:var(--orange)\"><\/span> Lan\u00e7amento (08\/12\/2025)<\/span>\r\n        <\/div>\r\n      <\/aside>\r\n    <\/section>\r\n\r\n    <!-- Tabela completa -->\r\n    <section class=\"card table-wrap\" id=\"tabela\" style=\"margin-top:18px\">\r\n      <div class=\"title\">\r\n        <h2 class=\"h2\" style=\"margin:0\">Tabela completa \u2014 Sprints 1 e 2<\/h2>\r\n        <span class=\"chip\">orden\u00e1vel<\/span>\r\n      <\/div>\r\n      <div style=\"overflow:auto;margin-top:8px\">\r\n        <table class=\"table\">\r\n          <thead>\r\n            <tr>\r\n              <th data-k=\"fase\">FASE <span class=\"ar\"><\/span><\/th>\r\n              <th data-k=\"etapa\" style=\"width:80px\">ETAPAS <span class=\"ar\"><\/span><\/th>\r\n              <th data-k=\"descricao\">DESCRI\u00c7\u00c3O <span class=\"ar\"><\/span><\/th>\r\n              <th data-k=\"responsavel\">RESPONS\u00c1VEL <span class=\"ar\"><\/span><\/th>\r\n              <th data-k=\"inicio\">IN\u00cdCIO <span class=\"ar\"><\/span><\/th>\r\n              <th data-k=\"conclusao\">CONCLUS\u00c3O <span class=\"ar\"><\/span><\/th>\r\n              <th data-k=\"status\">STATUS <span class=\"ar\"><\/span><\/th>\r\n              <th data-k=\"obs\">OBSERVA\u00c7\u00d5ES <span class=\"ar\"><\/span><\/th>\r\n            <\/tr>\r\n          <\/thead>\r\n          <tbody><\/tbody>\r\n        <\/table>\r\n      <\/div>\r\n    <\/section>\r\n\r\n    <!-- Prints -->\r\n    <section class=\"card\" style=\"margin-top:18px\">\r\n      <h2 class=\"h2\">Reprodu\u00e7\u00e3o do Portal (prints)<\/h2>\r\n      <div style=\"display:grid;grid-template-columns:repeat(3,1fr);gap:12px\">\r\n        <div style=\"aspect-ratio:16\/9;border:2px dashed var(--line);border-radius:14px;display:flex;align-items:center;justify-content:center;color:var(--muted);font-weight:700\">PRINT 01<\/div>\r\n        <div style=\"aspect-ratio:16\/9;border:2px dashed var(--line);border-radius:14px;display:flex;align-items:center;justify-content:center;color:var(--muted);font-weight:700\">PRINT 02<\/div>\r\n        <div style=\"aspect-ratio:16\/9;border:2px dashed var(--line);border-radius:14px;display:flex;align-items:center;justify-content:center;color:var(--muted);font-weight:700\">PRINT 03<\/div>\r\n      <\/div>\r\n    <\/section>\r\n  <\/main>\r\n\r\n<script>\r\n\/* ===== Dados ===== *\/\r\nconst etapas = [\r\n {fase:\"SPRINT 1\",etapa:1,descricao:\"Atualiza\u00e7\u00e3o de obrigatoriedades (regras) dos campos, bugs e otimiza\u00e7\u00f5es gerais do Formul\u00e1rio de Solicita\u00e7\u00e3o de Garantia.\",responsavel:\"Bruno\",inicio:\"20\/10\/2025\",conclusao:\"31\/10\/2025\",status:\"Em andamento\",obs:\"\"},\r\n {fase:\"SPRINT 1\",etapa:2,descricao:\"Apontar campos dos m\u00f3dulos no Core do Portal (tela principal): Painel Administrativo, Reembolso & Devolu\u00e7\u00f5es, Central de Documentos & Suporte, Meus Equipamentos, Minhas Notas Fiscais e Simulador de Garantias.\",responsavel:\"Junior\",inicio:\"23\/10\/2025\",conclusao:\"27\/10\/2025\",status:\"Em andamento\",obs:\"\"},\r\n {fase:\"SPRINT 1\",etapa:3,descricao:\"Finalizar o Front End (design, campos e estrutura geral) do m\u00f3dulo de reembolso (Solicita\u00e7\u00e3o de Pagamento em Garantia - SPG) e devolu\u00e7\u00e3o de pe\u00e7as.\",responsavel:\"Junior\",inicio:\"20\/10\/2025\",conclusao:\"27\/10\/2025\",status:\"Em andamento\",obs:\"\"},\r\n {fase:\"SPRINT 1\",etapa:4,descricao:\"Desenvolver Plugin respons\u00e1vel pela extra\u00e7\u00e3o e armazenamento de dados brutos e vari\u00e1veis dispon\u00edveis nos shortcodes derivados do formul\u00e1rio de garantia, para consulta posterior de outros m\u00f3dulos (Pesquisa de Protocolos - Painel Administrativo - Reembolso - Dashboards) - API (Base_Portal_Garantias).\",responsavel:\"Bruno\",inicio:\"23\/10\/2025\",conclusao:\"04\/11\/2025\",status:\"Em andamento\",obs:\"\"},\r\n {fase:\"SPRINT 1\",etapa:5,descricao:\"Desenvolver Plugin baseado no .html (estrutura do m\u00f3dulo de reembolso) que utiliza os dados extra\u00eddos do Plugin (ETAPA 3) para gerar a tela de reembolso e devolu\u00e7\u00f5es (Back End).\",responsavel:\"Bruno \/ Junior\",inicio:\"24\/10\/2025\",conclusao:\"07\/11\/2025\",status:\"Planejado\",obs:\"\"},\r\n {fase:\"SPRINT 1\",etapa:6,descricao:\"Corrigir e atualizar disparos de e-mail (m\u00f3dulo de notifica\u00e7\u00f5es externas e internas).\",responsavel:\"Bruno \/ Junior\",inicio:\"27\/10\/2025\",conclusao:\"07\/11\/2025\",status:\"Planejado\",obs:\"\"},\r\n {fase:\"SPRINT 1\",etapa:7,descricao:\"Teste em QA - Definir equipe interna para treinamento de administra\u00e7\u00e3o do painel e testes operacionais.\",responsavel:\"Bruno \/ Junior\",inicio:\"12\/11\/2025\",conclusao:\"14\/11\/2025\",status:\"Planejado\",obs:\"Definir equipe interna.\"},\r\n {fase:\"SPRINT 1\",etapa:8,descricao:\"Teste em QA - Testes operacionais com concession\u00e1rios selecionados.\",responsavel:\"Junior\",inicio:\"17\/11\/2025\",conclusao:\"21\/11\/2025\",status:\"Planejado\",obs:\"Definir concession\u00e1rios.\"},\r\n {fase:\"SPRINT 1\",etapa:9,descricao:\"Ajustes finais ap\u00f3s avalia\u00e7\u00e3o dos feedbacks de opera\u00e7\u00e3o em QA.\",responsavel:\"Bruno \/ Junior\",inicio:\"24\/11\/2025\",conclusao:\"28\/11\/2025\",status:\"Planejado\",obs:\"\"},\r\n {fase:\"SPRINT 1\",etapa:10,descricao:\"Divulga\u00e7\u00e3o massiva do Portal de Garantias e treinamento operacional ajustado para concession\u00e1rios e distribuidores (habilitado para reembolso de pe\u00e7as+servi\u00e7o, s\u00f3 pe\u00e7as ou s\u00f3 servi\u00e7o). Desenvolvimento de v\u00eddeo e texto instrutivo.\",responsavel:\"Junior\",inicio:\"24\/11\/2025\",conclusao:\"05\/12\/2025\",status:\"Planejado\",obs:\"\"},\r\n {fase:\"SPRINT 1\",etapa:11,descricao:\"Lan\u00e7amento para uso em produ\u00e7\u00e3o (finaliza\u00e7\u00e3o das bases de cadastros de usu\u00e1rios, disparos de acessos para os respons\u00e1veis, in\u00edcio da aquisi\u00e7\u00e3o e an\u00e1lise de pedidos oficiais).\",responsavel:\"Junior\",inicio:\"01\/12\/2025\",conclusao:\"08\/12\/2025\",status:\"Planejado\",obs:\"\"},\r\n {fase:\"SPRINT 2\",etapa:12,descricao:\"Acesso paralelo para pedidos de garantia vindos de revendedores (cliente final). Sem acesso \u00e0 m\u00f3dulos espec\u00edficos da garantia (pol\u00edticas de garantia\/reembolso de concession\u00e1rios\/distribuidores).\",responsavel:\"Bruno \/ Junior\",inicio:\"05\/01\/2026\",conclusao:\"A definir\",status:\"A definir\",obs:\"Definir pol\u00edtica de acesso para revendas.\"},\r\n {fase:\"SPRINT 2\",etapa:13,descricao:\"Desenvolvimento, aprimoramento e testes QA dos m\u00f3dulos adicionais: Meus Equipamentos, Minhas Notas Fiscais e Simulador de Garantias.\",responsavel:\"Bruno \/ Junior\",inicio:\"05\/01\/2025\",conclusao:\"A definir\",status:\"A definir\",obs:\"Refinar par\u00e2metros de opera\u00e7\u00e3o para cada m\u00f3dulo.\"}\r\n];\r\n\r\n\/* ===== DOM helpers ===== *\/\r\nconst $=(s,r=document)=>r.querySelector(s);\r\nconst parseBR=d=>{if(!d||d===\"A definir\")return null;const [dd,mm,yy]=d.split(\"\/\").map(Number);return new Date(yy,mm-1,dd)};\r\nconst statusBadge=s=>s===\"Em andamento\"?'<span class=\"badge live\">Em andamento<\/span>':s===\"Planejado\"?'<span class=\"badge plan\">Planejado<\/span>':'<span class=\"badge tbd\">A definir<\/span>';\r\n\r\n\/* ===== Build timeline ===== *\/\r\nconst timeline=$(\"#timeline\");\r\nfunction renderTimeline(filter=\"all\"){\r\n  timeline.innerHTML=\"\";\r\n  const rows = etapas.filter(e=>filter===\"all\"||e.fase===filter).sort((a,b)=>a.etapa-b.etapa);\r\n  rows.forEach(e=>{\r\n    const sClass = e.fase.includes(\"2\") ? \"s2\" : \"s1\";\r\n    const li=document.createElement(\"li\");\r\n    li.className=`item ${sClass}`;\r\n    li.innerHTML=`\r\n      <div class=\"head\">\r\n        <div class=\"meta\">\r\n          <span class=\"chip ${sClass}\">${e.fase}<\/span>\r\n          <span class=\"chip\">Etapa ${e.etapa}<\/span>\r\n          ${statusBadge(e.status)}\r\n        <\/div>\r\n        <button class=\"btn ghost toggle\">Detalhes \u25be<\/button>\r\n      <\/div>\r\n      <div class=\"body\" hidden>\r\n        <div class=\"h3\">${(e.descricao.split(\". \")[0].split(\" - \")[0])}<\/div>\r\n        <div class=\"kv\" style=\"line-height:1.65\">${e.descricao}<\/div>\r\n        <div class=\"grid2\">\r\n\t\t\t\t<\/div>\n\t\t\t\t<\/div>\n\t\t\t\t\t<\/div>\n\t\t\t\t<\/div>\n\t\t\t\t<\/div>\n\t\t","protected":false},"excerpt":{"rendered":"<p>Portal de Garantias \u2014 Tennant BR Tema claro\/escuro Portal de Garantias \u2014 Concession\u00e1rios, Distribuidores e Revendas Respons\u00e1veis: Bruno M. Nascimento [&hellip;]<\/p>\n","protected":false},"author":7,"featured_media":0,"parent":0,"menu_order":0,"comment_status":"closed","ping_status":"closed","template":"","meta":{"site-sidebar-layout":"no-sidebar","site-content-layout":"","ast-site-content-layout":"full-width-container","site-content-style":"default","site-sidebar-style":"default","ast-global-header-display":"","ast-banner-title-visibility":"","ast-main-header-display":"","ast-hfb-above-header-display":"","ast-hfb-below-header-display":"","ast-hfb-mobile-header-display":"","site-post-title":"","ast-breadcrumbs-content":"","ast-featured-img":"disabled","footer-sml-layout":"","theme-transparent-header-meta":"","adv-header-id-meta":"","stick-header-meta":"","header-above-stick-meta":"","header-main-stick-meta":"","header-below-stick-meta":"","astra-migrate-meta-layouts":"default","ast-page-background-enabled":"default","ast-page-background-meta":{"desktop":{"background-color":"var(--ast-global-color-5)","background-image":"","background-repeat":"repeat","background-position":"center center","background-size":"auto","background-attachment":"scroll","background-type":"","background-media":"","overlay-type":"","overlay-color":"","overlay-opacity":"","overlay-gradient":""},"tablet":{"background-color":"","background-image":"","background-repeat":"repeat","background-position":"center center","background-size":"auto","background-attachment":"scroll","background-type":"","background-media":"","overlay-type":"","overlay-color":"","overlay-opacity":"","overlay-gradient":""},"mobile":{"background-color":"","background-image":"","background-repeat":"repeat","background-position":"center center","background-size":"auto","background-attachment":"scroll","background-type":"","background-media":"","overlay-type":"","overlay-color":"","overlay-opacity":"","overlay-gradient":""}},"ast-content-background-meta":{"desktop":{"background-color":"var(--ast-global-color-4)","background-image":"","background-repeat":"repeat","background-position":"center center","background-size":"auto","background-attachment":"scroll","background-type":"","background-media":"","overlay-type":"","overlay-color":"","overlay-opacity":"","overlay-gradient":""},"tablet":{"background-color":"var(--ast-global-color-4)","background-image":"","background-repeat":"repeat","background-position":"center center","background-size":"auto","background-attachment":"scroll","background-type":"","background-media":"","overlay-type":"","overlay-color":"","overlay-opacity":"","overlay-gradient":""},"mobile":{"background-color":"var(--ast-global-color-4)","background-image":"","background-repeat":"repeat","background-position":"center center","background-size":"auto","background-attachment":"scroll","background-type":"","background-media":"","overlay-type":"","overlay-color":"","overlay-opacity":"","overlay-gradient":""}},"footnotes":""},"class_list":["post-1705","page","type-page","status-publish","hentry"],"_links":{"self":[{"href":"https:\/\/garantia.projetostennant.com.br\/index.php?rest_route=\/wp\/v2\/pages\/1705","targetHints":{"allow":["GET"]}}],"collection":[{"href":"https:\/\/garantia.projetostennant.com.br\/index.php?rest_route=\/wp\/v2\/pages"}],"about":[{"href":"https:\/\/garantia.projetostennant.com.br\/index.php?rest_route=\/wp\/v2\/types\/page"}],"author":[{"embeddable":true,"href":"https:\/\/garantia.projetostennant.com.br\/index.php?rest_route=\/wp\/v2\/users\/7"}],"replies":[{"embeddable":true,"href":"https:\/\/garantia.projetostennant.com.br\/index.php?rest_route=%2Fwp%2Fv2%2Fcomments&post=1705"}],"version-history":[{"count":0,"href":"https:\/\/garantia.projetostennant.com.br\/index.php?rest_route=\/wp\/v2\/pages\/1705\/revisions"}],"wp:attachment":[{"href":"https:\/\/garantia.projetostennant.com.br\/index.php?rest_route=%2Fwp%2Fv2%2Fmedia&parent=1705"}],"curies":[{"name":"wp","href":"https:\/\/api.w.org\/{rel}","templated":true}]}}